{"id":61,"date":"2023-09-13T14:09:59","date_gmt":"2023-09-13T12:09:59","guid":{"rendered":"https:\/\/www.zahnmedizinkoeberl.at\/?page_id=61"},"modified":"2025-12-17T18:10:33","modified_gmt":"2025-12-17T17:10:33","slug":"kontakt","status":"publish","type":"page","link":"https:\/\/www.zahnmedizinkoeberl.at\/en\/kontakt\/","title":{"rendered":"Contact"},"content":{"rendered":"<p>[et_pb_section fb_built=&#8220;1&#8243; custom_padding_last_edited=&#8220;on|tablet&#8220; admin_label=&#8220;Section&#8220; _builder_version=&#8220;4.27.5&#8243; _module_preset=&#8220;default&#8220; background_image=&#8220;https:\/\/www.zahnmedizinkoeberl.at\/wp-content\/uploads\/2025\/11\/atf-kontakt-a.jpg&#8220; custom_padding=&#8220;27vh||17vh||false|false&#8220; custom_padding_tablet=&#8220;20vh||10vh||false|false&#8220; custom_padding_phone=&#8220;28vh||12vh||false|false&#8220; hover_enabled=&#8220;0&#8243; da_disable_devices=&#8220;off|off|off&#8220; locked=&#8220;off&#8220; global_colors_info=&#8220;{}&#8220; da_is_popup=&#8220;off&#8220; da_exit_intent=&#8220;off&#8220; da_has_close=&#8220;on&#8220; da_alt_close=&#8220;off&#8220; da_dark_close=&#8220;off&#8220; da_not_modal=&#8220;on&#8220; da_is_singular=&#8220;off&#8220; da_with_loader=&#8220;off&#8220; da_has_shadow=&#8220;on&#8220; sticky_enabled=&#8220;0&#8243;][et_pb_row _builder_version=&#8220;4.27.4&#8243; _module_preset=&#8220;default&#8220; global_colors_info=&#8220;{}&#8220;][et_pb_column type=&#8220;4_4&#8243; _builder_version=&#8220;4.22.1&#8243; _module_preset=&#8220;default&#8220; global_colors_info=&#8220;{}&#8220;][et_pb_text _builder_version=&#8220;4.27.5&#8243; _module_preset=&#8220;default&#8220; text_font=&#8220;Montserrat||||||||&#8220; text_text_color=&#8220;#FFFFFF&#8220; text_font_size=&#8220;24px&#8220; header_font=&#8220;|600|||||||&#8220; header_text_color=&#8220;#000000&#8243; header_font_size=&#8220;44px&#8220; header_2_text_color=&#8220;#000000&#8243; max_width=&#8220;100%&#8220; text_font_size_tablet=&#8220;24px&#8220; text_font_size_phone=&#8220;20px&#8220; text_font_size_last_edited=&#8220;on|phone&#8220; header_text_color_tablet=&#8220;#000000&#8243; header_text_color_phone=&#8220;#FFFFFF&#8220; header_text_color_last_edited=&#8220;on|phone&#8220; header_font_size_tablet=&#8220;40px&#8220; header_font_size_phone=&#8220;36px&#8220; header_font_size_last_edited=&#8220;on|tablet&#8220; header_2_text_color_tablet=&#8220;#000000&#8243; header_2_text_color_phone=&#8220;#FFFFFF&#8220; header_2_text_color_last_edited=&#8220;on|phone&#8220; background_color_phone=&#8220;rgba(0,0,0,0.25)&#8220; background_last_edited=&#8220;on|phone&#8220; background_enable_color_phone=&#8220;on&#8220; text_orientation_tablet=&#8220;&#8220; text_orientation_phone=&#8220;center&#8220; text_orientation_last_edited=&#8220;on|phone&#8220; text_text_shadow_style=&#8220;preset3&#8243; text_text_shadow_blur_strength=&#8220;0.15em&#8220; text_text_shadow_color=&#8220;#FFFFFF&#8220; text_text_shadow_color_tablet=&#8220;#FFFFFF&#8220; text_text_shadow_color_phone=&#8220;#000000&#8243; text_text_shadow_color_last_edited=&#8220;on|phone&#8220; global_colors_info=&#8220;{}&#8220;]<\/p>\n<h1>Kontakt<\/h1>\n<h2>Praxis Dr. Katharina K\u00f6berl<\/h2>\n<p>[\/et_pb_text][\/et_pb_column][\/et_pb_row][\/et_pb_section][et_pb_section fb_built=&#8220;1&#8243; admin_label=&#8220;Section&#8220; _builder_version=&#8220;4.22.1&#8243; _module_preset=&#8220;default&#8220; custom_padding=&#8220;100px||100px||true|false&#8220; da_disable_devices=&#8220;off|off|off&#8220; global_colors_info=&#8220;{}&#8220; da_is_popup=&#8220;off&#8220; da_exit_intent=&#8220;off&#8220; da_has_close=&#8220;on&#8220; da_alt_close=&#8220;off&#8220; da_dark_close=&#8220;off&#8220; da_not_modal=&#8220;on&#8220; da_is_singular=&#8220;off&#8220; da_with_loader=&#8220;off&#8220; da_has_shadow=&#8220;on&#8220;][et_pb_row column_structure=&#8220;2_3,1_3&#8243; use_custom_gutter=&#8220;on&#8220; gutter_width=&#8220;4&#8243; _builder_version=&#8220;4.27.4&#8243; _module_preset=&#8220;default&#8220; z_index=&#8220;1&#8243; global_colors_info=&#8220;{}&#8220;][et_pb_column type=&#8220;2_3&#8243; _builder_version=&#8220;4.22.1&#8243; _module_preset=&#8220;default&#8220; global_colors_info=&#8220;{}&#8220;][et_pb_text _builder_version=&#8220;4.22.1&#8243; _module_preset=&#8220;default&#8220; custom_margin=&#8220;||30px||false|false&#8220; global_colors_info=&#8220;{}&#8220;]<span class=\"h2-supertitle\">Wir sind f\u00fcr Sie da<\/span><\/p>\n<h2>Kontaktieren Sie uns<\/h2>\n<p>[\/et_pb_text][et_pb_text _builder_version=&#8220;4.27.4&#8243; _module_preset=&#8220;default&#8220; custom_margin=&#8220;||||false|false&#8220; global_colors_info=&#8220;{}&#8220;]<\/p>\n<p>Sie m\u00f6chten einen Zahnarzt-Termin vereinbaren? Dann rufen Sie uns am Besten gleich an.<\/p>\n<p>Fragen zu unseren Leistungen und Behandlungsm\u00f6glichkeiten beantworten wir auch gerne telefonisch, per E-Mail oder mittels folgendem Kontaktformular.<\/p>\n<p>Wir freuen uns \u00fcber Ihre Nachricht!<span style=\"background-color: #ffffff; font-size: 17px;\"><\/span><\/p>\n<p>[\/et_pb_text][et_pb_text _builder_version=&#8220;4.27.4&#8243; _module_preset=&#8220;default&#8220; header_3_font=&#8220;||||||||&#8220; custom_margin=&#8220;||||false|false&#8220; global_colors_info=&#8220;{}&#8220;]<\/p>\n<h3><strong>CAVE Terminabsage<\/strong><\/h3>\n<p>Wir weisen darauf hin, dass bei Nichterscheinen oder zu sp\u00e4ter Terminabsage (mind. 24h vorher) ein Ersatzhonorar f\u00fcr den reservierten Termin in Rechnung gestellt wird.<\/p>\n<p>[\/et_pb_text][difl_cfseven cf7_forms=&#8220;537&#8243; input_text_width=&#8220;100%&#8220; input_textarea_width=&#8220;100%&#8220; input_background_bgcolor=&#8220;#f4f4f4&#8243; submit_background_bgcolor=&#8220;#78cc98&#8243; input_padding=&#8220;16px|16px|16px|16px|true|true&#8220; submit_padding=&#8220;0.5em|2em|0.5em|2em|true|true&#8220; module_class=&#8220;cf7-fullwidth&#8220; _builder_version=&#8220;4.27.4&#8243; _module_preset=&#8220;default&#8220; input_text_color=&#8220;#000000&#8243; submit_font=&#8220;||||||||&#8220; submit_text_color=&#8220;#FFFFFF&#8220; submit_font_size=&#8220;18px&#8220; display_conditions=&#8220;W10=&#8220; custom_margin=&#8220;72px|||||&#8220; custom_margin_tablet=&#8220;72px||||false|false&#8220; custom_margin_phone=&#8220;72px||||false|false&#8220; custom_margin_last_edited=&#8220;on|tablet&#8220; custom_padding_tablet=&#8220;||100px||false|false&#8220; custom_padding_phone=&#8220;||100px||false|false&#8220; custom_padding_last_edited=&#8220;on|tablet&#8220; border_radii_input=&#8220;on|5px|5px|5px|5px&#8220; border_color_all_input=&#8220;RGBA(255,255,255,0)&#8220; border_radii_submit=&#8220;on|5px|5px|5px|5px&#8220; border_color_all_submit=&#8220;RGBA(255,255,255,0)&#8220; global_colors_info=&#8220;{}&#8220;][\/difl_cfseven][\/et_pb_column][et_pb_column type=&#8220;1_3&#8243; disabled_on=&#8220;on|on|off&#8220; _builder_version=&#8220;4.27.4&#8243; _module_preset=&#8220;default&#8220; global_colors_info=&#8220;{}&#8220;][et_pb_text _builder_version=&#8220;4.27.4&#8243; _module_preset=&#8220;default&#8220; header_3_font=&#8220;|600|||||||&#8220; custom_margin=&#8220;||50px||false|false&#8220; custom_margin_tablet=&#8220;50px||50px||false|false&#8220; custom_margin_phone=&#8220;50px||50px||false|false&#8220; custom_margin_last_edited=&#8220;on|desktop&#8220; sticky_position=&#8220;top&#8220; sticky_offset_top=&#8220;200px&#8220; sticky_limit_bottom=&#8220;row&#8220; custom_css_free_form=&#8220;selector h3 {||  margin-top:3rem;||}||selector h3:first-child {||  margin-top:0;||}&#8220; global_colors_info=&#8220;{}&#8220;]<\/p>\n<h3>ADRESSE<\/h3>\n<div>Ordination Dr. Katharina K\u00f6berl<\/div>\n<div>Kammerhofgasse 227<\/div>\n<div>A-8990 Bad Aussee<\/div>\n<h3>KONTAKT<\/h3>\n<div><a href=\"mailto:office@zahnmedizinkoeberl.at\">office@zahnmedizinkoeberl.at<\/a><\/div>\n<div><a href=\"tel:+43362254818\">+43 3622 548 18<\/a><\/div>\n<h3>\u00d6FFNUNGSZEITEN<\/h3>\n<table id=\"hours\">\n<tbody>\n<tr>\n<td>Mo:<\/td>\n<td>8-14 Uhr<\/td>\n<\/tr>\n<tr>\n<td>Di:<\/td>\n<td>8-12 und 13-16 Uhr<\/td>\n<\/tr>\n<tr>\n<td>Mi:<\/td>\n<td>8-14 Uhr<\/td>\n<\/tr>\n<tr>\n<td>Do:<\/td>\n<td>8-12 und 13-16 Uhr<\/td>\n<\/tr>\n<tr>\n<td>Fr:<\/td>\n<td>nach Vereinbarung<\/td>\n<\/tr>\n<\/tbody>\n<\/table>\n<p>[\/et_pb_text][\/et_pb_column][\/et_pb_row][\/et_pb_section][et_pb_section fb_built=&#8220;1&#8243; custom_padding_last_edited=&#8220;on|tablet&#8220; admin_label=&#8220;Section&#8220; _builder_version=&#8220;4.22.2&#8243; _module_preset=&#8220;default&#8220; background_image=&#8220;https:\/\/www.zahnmedizinkoeberl.at\/wp-content\/uploads\/2023\/10\/osm-praxiskoeberl-b.jpg&#8220; background_blend=&#8220;darken&#8220; custom_padding=&#8220;25vh||25vh||true|false&#8220; custom_padding_tablet=&#8220;20vh||20vh||true|false&#8220; custom_padding_phone=&#8220;20vh||20vh||true|false&#8220; filter_saturate=&#8220;97%&#8220; background_last_edited=&#8220;on|tablet&#8220; background_size_tablet=&#8220;initial&#8220; da_disable_devices=&#8220;off|off|off&#8220; global_colors_info=&#8220;{}&#8220; da_is_popup=&#8220;off&#8220; da_exit_intent=&#8220;off&#8220; da_has_close=&#8220;on&#8220; da_alt_close=&#8220;off&#8220; da_dark_close=&#8220;off&#8220; da_not_modal=&#8220;on&#8220; da_is_singular=&#8220;off&#8220; da_with_loader=&#8220;off&#8220; da_has_shadow=&#8220;on&#8220;][\/et_pb_section]<\/p>\n","protected":false},"excerpt":{"rendered":"<p>Kontakt Praxis Dr. Katharina K\u00f6berlWir sind f\u00fcr Sie da Kontaktieren Sie unsSie m\u00f6chten einen Zahnarzt-Termin vereinbaren? Dann rufen Sie uns am Besten gleich an. Fragen zu unseren Leistungen und Behandlungsm\u00f6glichkeiten beantworten wir auch gerne telefonisch, per E-Mail oder mittels folgendem Kontaktformular. Wir freuen uns \u00fcber Ihre Nachricht!CAVE Terminabsage Wir weisen darauf hin, dass bei Nichterscheinen [&hellip;]<\/p>\n","protected":false},"author":1,"featured_media":0,"parent":0,"menu_order":0,"comment_status":"closed","ping_status":"closed","template":"","meta":{"_et_pb_use_builder":"on","_et_pb_old_content":"","_et_gb_content_width":"","footnotes":""},"difl_page_category":[],"class_list":["post-61","page","type-page","status-publish","hentry"],"yoast_head":"<!-- This site is optimized with the Yoast SEO plugin v27.4 - https:\/\/yoast.com\/product\/yoast-seo-wordpress\/ -->\n<title>Kontaktieren Sie Dr. Katharina K\u00f6berl<\/title>\n<meta name=\"description\" content=\"Vereinbaren Sie Ihren n\u00e4chsten Termin einfach telefonisch. Hier finden Sie die Telefonnummer, \u00d6ffnungszeiten und weitere Kontaktinformationen.\" \/>\n<meta name=\"robots\" content=\"index, follow, max-snippet:-1, max-image-preview:large, max-video-preview:-1\" \/>\n<link rel=\"canonical\" href=\"https:\/\/www.zahnmedizinkoeberl.at\/en\/kontakt\/\" \/>\n<meta property=\"og:locale\" content=\"en_US\" \/>\n<meta property=\"og:type\" content=\"article\" \/>\n<meta property=\"og:title\" content=\"Kontaktieren Sie Dr. Katharina K\u00f6berl\" \/>\n<meta property=\"og:description\" content=\"Vereinbaren Sie Ihren n\u00e4chsten Termin einfach telefonisch. Hier finden Sie die Telefonnummer, \u00d6ffnungszeiten und weitere Kontaktinformationen.\" \/>\n<meta property=\"og:url\" content=\"https:\/\/www.zahnmedizinkoeberl.at\/en\/kontakt\/\" \/>\n<meta property=\"og:site_name\" content=\"Dr. Katharina K\u00f6berl\" \/>\n<meta property=\"article:modified_time\" content=\"2025-12-17T17:10:33+00:00\" \/>\n<meta name=\"twitter:card\" content=\"summary_large_image\" \/>\n<meta name=\"twitter:label1\" content=\"Gesch\u00e4tzte Lesezeit\" \/>\n\t<meta name=\"twitter:data1\" content=\"2 minutes\" \/>\n<script type=\"application\/ld+json\" class=\"yoast-schema-graph\">{\"@context\":\"https:\\\/\\\/schema.org\",\"@graph\":[{\"@type\":\"WebPage\",\"@id\":\"https:\\\/\\\/www.zahnmedizinkoeberl.at\\\/kontakt\\\/\",\"url\":\"https:\\\/\\\/www.zahnmedizinkoeberl.at\\\/kontakt\\\/\",\"name\":\"Kontaktieren Sie Dr. Katharina K\u00f6berl\",\"isPartOf\":{\"@id\":\"https:\\\/\\\/www.zahnmedizinkoeberl.at\\\/#website\"},\"datePublished\":\"2023-09-13T12:09:59+00:00\",\"dateModified\":\"2025-12-17T17:10:33+00:00\",\"description\":\"Vereinbaren Sie Ihren n\u00e4chsten Termin einfach telefonisch. Hier finden Sie die Telefonnummer, \u00d6ffnungszeiten und weitere Kontaktinformationen.\",\"breadcrumb\":{\"@id\":\"https:\\\/\\\/www.zahnmedizinkoeberl.at\\\/kontakt\\\/#breadcrumb\"},\"inLanguage\":\"en-US\",\"potentialAction\":[{\"@type\":\"ReadAction\",\"target\":[\"https:\\\/\\\/www.zahnmedizinkoeberl.at\\\/kontakt\\\/\"]}]},{\"@type\":\"BreadcrumbList\",\"@id\":\"https:\\\/\\\/www.zahnmedizinkoeberl.at\\\/kontakt\\\/#breadcrumb\",\"itemListElement\":[{\"@type\":\"ListItem\",\"position\":1,\"name\":\"Startseite\",\"item\":\"https:\\\/\\\/www.zahnmedizinkoeberl.at\\\/\"},{\"@type\":\"ListItem\",\"position\":2,\"name\":\"Kontakt\"}]},{\"@type\":\"WebSite\",\"@id\":\"https:\\\/\\\/www.zahnmedizinkoeberl.at\\\/#website\",\"url\":\"https:\\\/\\\/www.zahnmedizinkoeberl.at\\\/\",\"name\":\"Dr. Katharina K\u00f6berl\",\"description\":\"Biologische Zahnmedizin in Bad Aussee\",\"publisher\":{\"@id\":\"https:\\\/\\\/www.zahnmedizinkoeberl.at\\\/#organization\"},\"alternateName\":\"Ihre Zahn\u00e4rztin in Bad Aussee und Umgebung\",\"potentialAction\":[{\"@type\":\"SearchAction\",\"target\":{\"@type\":\"EntryPoint\",\"urlTemplate\":\"https:\\\/\\\/www.zahnmedizinkoeberl.at\\\/?s={search_term_string}\"},\"query-input\":{\"@type\":\"PropertyValueSpecification\",\"valueRequired\":true,\"valueName\":\"search_term_string\"}}],\"inLanguage\":\"en-US\"},{\"@type\":\"Organization\",\"@id\":\"https:\\\/\\\/www.zahnmedizinkoeberl.at\\\/#organization\",\"name\":\"Zahnmedizin Dr. Katharina K\u00f6berl\",\"url\":\"https:\\\/\\\/www.zahnmedizinkoeberl.at\\\/\",\"logo\":{\"@type\":\"ImageObject\",\"inLanguage\":\"en-US\",\"@id\":\"https:\\\/\\\/www.zahnmedizinkoeberl.at\\\/#\\\/schema\\\/logo\\\/image\\\/\",\"url\":\"https:\\\/\\\/www.zahnmedizinkoeberl.at\\\/wp-content\\\/uploads\\\/2023\\\/09\\\/logo-s600-a.jpg\",\"contentUrl\":\"https:\\\/\\\/www.zahnmedizinkoeberl.at\\\/wp-content\\\/uploads\\\/2023\\\/09\\\/logo-s600-a.jpg\",\"width\":600,\"height\":600,\"caption\":\"Zahnmedizin Dr. Katharina K\u00f6berl\"},\"image\":{\"@id\":\"https:\\\/\\\/www.zahnmedizinkoeberl.at\\\/#\\\/schema\\\/logo\\\/image\\\/\"}}]}<\/script>\n<!-- \/ Yoast SEO plugin. -->","yoast_head_json":{"title":"Kontaktieren Sie Dr. Katharina K\u00f6berl","description":"Vereinbaren Sie Ihren n\u00e4chsten Termin einfach telefonisch. Hier finden Sie die Telefonnummer, \u00d6ffnungszeiten und weitere Kontaktinformationen.","robots":{"index":"index","follow":"follow","max-snippet":"max-snippet:-1","max-image-preview":"max-image-preview:large","max-video-preview":"max-video-preview:-1"},"canonical":"https:\/\/www.zahnmedizinkoeberl.at\/en\/kontakt\/","og_locale":"en_US","og_type":"article","og_title":"Kontaktieren Sie Dr. Katharina K\u00f6berl","og_description":"Vereinbaren Sie Ihren n\u00e4chsten Termin einfach telefonisch. Hier finden Sie die Telefonnummer, \u00d6ffnungszeiten und weitere Kontaktinformationen.","og_url":"https:\/\/www.zahnmedizinkoeberl.at\/en\/kontakt\/","og_site_name":"Dr. Katharina K\u00f6berl","article_modified_time":"2025-12-17T17:10:33+00:00","twitter_card":"summary_large_image","twitter_misc":{"Gesch\u00e4tzte Lesezeit":"2 minutes"},"schema":{"@context":"https:\/\/schema.org","@graph":[{"@type":"WebPage","@id":"https:\/\/www.zahnmedizinkoeberl.at\/kontakt\/","url":"https:\/\/www.zahnmedizinkoeberl.at\/kontakt\/","name":"Kontaktieren Sie Dr. Katharina K\u00f6berl","isPartOf":{"@id":"https:\/\/www.zahnmedizinkoeberl.at\/#website"},"datePublished":"2023-09-13T12:09:59+00:00","dateModified":"2025-12-17T17:10:33+00:00","description":"Vereinbaren Sie Ihren n\u00e4chsten Termin einfach telefonisch. Hier finden Sie die Telefonnummer, \u00d6ffnungszeiten und weitere Kontaktinformationen.","breadcrumb":{"@id":"https:\/\/www.zahnmedizinkoeberl.at\/kontakt\/#breadcrumb"},"inLanguage":"en-US","potentialAction":[{"@type":"ReadAction","target":["https:\/\/www.zahnmedizinkoeberl.at\/kontakt\/"]}]},{"@type":"BreadcrumbList","@id":"https:\/\/www.zahnmedizinkoeberl.at\/kontakt\/#breadcrumb","itemListElement":[{"@type":"ListItem","position":1,"name":"Startseite","item":"https:\/\/www.zahnmedizinkoeberl.at\/"},{"@type":"ListItem","position":2,"name":"Kontakt"}]},{"@type":"WebSite","@id":"https:\/\/www.zahnmedizinkoeberl.at\/#website","url":"https:\/\/www.zahnmedizinkoeberl.at\/","name":"Dr. Katharina K\u00f6berl","description":"Biologische Zahnmedizin in Bad Aussee","publisher":{"@id":"https:\/\/www.zahnmedizinkoeberl.at\/#organization"},"alternateName":"Ihre Zahn\u00e4rztin in Bad Aussee und Umgebung","potentialAction":[{"@type":"SearchAction","target":{"@type":"EntryPoint","urlTemplate":"https:\/\/www.zahnmedizinkoeberl.at\/?s={search_term_string}"},"query-input":{"@type":"PropertyValueSpecification","valueRequired":true,"valueName":"search_term_string"}}],"inLanguage":"en-US"},{"@type":"Organization","@id":"https:\/\/www.zahnmedizinkoeberl.at\/#organization","name":"Zahnmedizin Dr. Katharina K\u00f6berl","url":"https:\/\/www.zahnmedizinkoeberl.at\/","logo":{"@type":"ImageObject","inLanguage":"en-US","@id":"https:\/\/www.zahnmedizinkoeberl.at\/#\/schema\/logo\/image\/","url":"https:\/\/www.zahnmedizinkoeberl.at\/wp-content\/uploads\/2023\/09\/logo-s600-a.jpg","contentUrl":"https:\/\/www.zahnmedizinkoeberl.at\/wp-content\/uploads\/2023\/09\/logo-s600-a.jpg","width":600,"height":600,"caption":"Zahnmedizin Dr. Katharina K\u00f6berl"},"image":{"@id":"https:\/\/www.zahnmedizinkoeberl.at\/#\/schema\/logo\/image\/"}}]}},"_links":{"self":[{"href":"https:\/\/www.zahnmedizinkoeberl.at\/en\/wp-json\/wp\/v2\/pages\/61","targetHints":{"allow":["GET"]}}],"collection":[{"href":"https:\/\/www.zahnmedizinkoeberl.at\/en\/wp-json\/wp\/v2\/pages"}],"about":[{"href":"https:\/\/www.zahnmedizinkoeberl.at\/en\/wp-json\/wp\/v2\/types\/page"}],"author":[{"embeddable":true,"href":"https:\/\/www.zahnmedizinkoeberl.at\/en\/wp-json\/wp\/v2\/users\/1"}],"replies":[{"embeddable":true,"href":"https:\/\/www.zahnmedizinkoeberl.at\/en\/wp-json\/wp\/v2\/comments?post=61"}],"version-history":[{"count":75,"href":"https:\/\/www.zahnmedizinkoeberl.at\/en\/wp-json\/wp\/v2\/pages\/61\/revisions"}],"predecessor-version":[{"id":2139,"href":"https:\/\/www.zahnmedizinkoeberl.at\/en\/wp-json\/wp\/v2\/pages\/61\/revisions\/2139"}],"wp:attachment":[{"href":"https:\/\/www.zahnmedizinkoeberl.at\/en\/wp-json\/wp\/v2\/media?parent=61"}],"wp:term":[{"taxonomy":"difl_page_category","embeddable":true,"href":"https:\/\/www.zahnmedizinkoeberl.at\/en\/wp-json\/wp\/v2\/difl_page_category?post=61"}],"curies":[{"name":"wp","href":"https:\/\/api.w.org\/{rel}","templated":true}]}}